{"id":787,"date":"2021-05-12T14:18:17","date_gmt":"2021-10-14T15:21:29","guid":{"rendered":"https:\/\/www.mktviaggi.com\/prodotto\/tour-privato-a-piedi-di-roma\/"},"modified":"2021-10-14T17:21:29","modified_gmt":"2021-10-14T15:21:29","slug":"roma-tour-a-piedi-2","status":"publish","type":"product","link":"https:\/\/www.mktviaggi.com\/it\/prodotto\/roma-tour-a-piedi-2\/","title":{"rendered":"Tour privato a piedi di Roma"},"content":{"rendered":"<p><span style=\"font-weight: 400;\">Famosa e amata da tutti, Roma (che fu l'antica capitale dell'Impero Romano) \u00e8 una delle citt\u00e0 pi\u00f9 antiche del mondo, situata su sette colli. <\/span><\/p>\n<p><span style=\"font-weight: 400;\">Un giro turistico di questa meravigliosa citt\u00e0 prevede un tour dei pi\u00f9 famosi luoghi e monumenti romani che hanno una storia secolare molto interessante. Durante un'escursione di 3 ore vedrai il Pantheon, Piazza Navona, la famosa Fontana di Trevi e Piazza di Spagna, il Colosseo, l'Arco di Trionfo dell'Imperatore Costantino, Veduta dei Fori Romani e Imperiali dal Campidoglio, Piazza del Campidoglio, Venezia Piazza, Monumento a Vittorio Emanuele II, Pantheon, Piazza Navona, la famosa Fontana di Trevi e Plaza de Espa\u00f1a.<\/span><\/p>\n<p><span style=\"font-weight: 400;\">Durante l'escursione, non solo ti immergerai nel passato della Citt\u00e0 Eterna, ma imparerai anche a conoscere la sua vita moderna, la cultura e le tradizioni della popolazione locale, alcune delle sfumature che sono uniche di questa citt\u00e0 italiana. Le nostre guide professionali ti racconteranno molte informazioni interessanti e utili sulla storia di Roma, sui suoi monumenti, piazze e altre attrazioni, e saranno felici di rispondere a tutte le tue domande. <\/span><\/p>\n","protected":false},"excerpt":{"rendered":"<p>Famosa e amata da tutti, Roma (che fu l'antica capitale dell'Impero Romano) \u00e8 una delle citt\u00e0 pi\u00f9 antiche del mondo, situata su sette colli. Un giro turistico di questa meravigliosa citt\u00e0 prevede un tour dei pi\u00f9 famosi luoghi e monumenti romani che hanno una storia secolare molto interessante. Durante un'escursione di 3 ore vedrai il [&hellip;]<\/p>\n","protected":false},"featured_media":793,"template":"","meta":{"_acf_changed":false},"product_brand":[],"product_cat":[184,236,270],"product_tag":[176,162,120,123],"class_list":{"0":"post-787","1":"product","2":"type-product","3":"status-publish","4":"has-post-thumbnail","6":"product_cat-escursioni-it","7":"product_cat-lazio-it","8":"product_cat-roma-it","9":"product_tag-a-piedi-it","10":"product_tag-escursioni-it","11":"product_tag-in-evidenza-it","12":"product_tag-su-richiesta-it","14":"first","15":"instock","16":"virtual","17":"purchasable","18":"product-type-simple"},"acf":[],"_links":{"self":[{"href":"https:\/\/www.mktviaggi.com\/it\/wp-json\/wp\/v2\/product\/787","targetHints":{"allow":["GET"]}}],"collection":[{"href":"https:\/\/www.mktviaggi.com\/it\/wp-json\/wp\/v2\/product"}],"about":[{"href":"https:\/\/www.mktviaggi.com\/it\/wp-json\/wp\/v2\/types\/product"}],"wp:featuredmedia":[{"embeddable":true,"href":"https:\/\/www.mktviaggi.com\/it\/wp-json\/wp\/v2\/media\/793"}],"wp:attachment":[{"href":"https:\/\/www.mktviaggi.com\/it\/wp-json\/wp\/v2\/media?parent=787"}],"wp:term":[{"taxonomy":"product_brand","embeddable":true,"href":"https:\/\/www.mktviaggi.com\/it\/wp-json\/wp\/v2\/product_brand?post=787"},{"taxonomy":"product_cat","embeddable":true,"href":"https:\/\/www.mktviaggi.com\/it\/wp-json\/wp\/v2\/product_cat?post=787"},{"taxonomy":"product_tag","embeddable":true,"href":"https:\/\/www.mktviaggi.com\/it\/wp-json\/wp\/v2\/product_tag?post=787"}],"curies":[{"name":"wp","href":"https:\/\/api.w.org\/{rel}","templated":true}]}}