{"id":2003,"date":"2021-06-30T17:09:09","date_gmt":"2021-06-30T15:09:09","guid":{"rendered":"https:\/\/www.mktviaggi.com\/prodotto\/%d0%b2%d0%b5%d0%bd%d0%b5%d1%86%d0%b8%d1%8f-%d0%bd%d0%be%d0%b2%d0%be%d0%b3%d0%be%d0%b4%d0%bd%d0%b8%d0%b9-%d1%83%d0%b6%d0%b8%d0%bd-%d1%81%d0%be-%d1%81%d0%bf%d0%b5%d0%ba%d1%82%d0%b0%d0%ba%d0%bb%d0%b5\/"},"modified":"2022-01-15T21:58:14","modified_gmt":"2022-01-15T20:58:14","slug":"cenone-di-capodanno-venezia-con-spettacolo","status":"publish","type":"product","link":"https:\/\/www.mktviaggi.com\/it\/prodotto\/cenone-di-capodanno-venezia-con-spettacolo\/","title":{"rendered":"Venezia, Cenone di Capodanno con uno spettacolo"},"content":{"rendered":"<p>Unisciti al pi\u00f9 Esclusivo<strong><em> Gran Gal\u00e0 di Capodanno<\/em><\/strong> nella citt\u00e0 di Venezia!<br \/>\nDalle 19:30 alle 20:30 entra in Atmosfera Magica con il<em><strong> Drink di benvenuto<\/strong><\/em> ...<br \/>\nDalle ore 20:30 degusta le Prelibatezze Culinarie della nostra<em><strong> Cena di gala<\/strong><\/em> accompagnato dal<em><strong> Pre spettacolo<\/strong><\/em> del nostro Maestro Pianista.<br \/>\nDalle 21:00 in poi il<strong><em> Grande spettacolo internazionale di variet\u00e0 Magic<\/em><\/strong> vi incanter\u00e0 con Scenografie, Costumi, Luci, Colori e Artisti Professionisti.<br \/>\nDopo lo Stroke della Mezzanotte, Musica e Danza continueranno con il<em><strong> Intrattenimento con musica dal vivo<\/strong><\/em> di Artisti.<\/p>\n<p>Aperitivo di benvenuto, cena di gala, grande spettacolo di magia, intrattenimento con musica dal vivo<br \/>\n<strong><em>\u20ac<\/em><\/strong><em><strong> 175,00 a persona<\/strong><\/em> ...<\/p>\n<p>Possiamo inviarti il menu per il Gran Gal\u00e0 di Capodanno via e-mail. Scrivici.<\/p>\n<p>Una serata indimenticabile al ristorante-teatro.<\/p>\n<p>Show magic \u00e8 uno spettacolo unico ed esclusivo. Cabaret, artisti internazionali e musical per rendere la vostra serata un'esperienza unica.<br \/>\nLo straordinario corpo di ballerini, artisti, musicisti e cantanti vi accompagner\u00e0 in un viaggio magico, luci e colori che vi faranno vivere l'emozione di una serata unica.<\/p>\n<p>La cucina propone men\u00f9 squisiti e sfiziosi, assaggerete le specialit\u00e0 e i sapori della tradizione veneziana (men\u00f9 a scelta - carne, pesce, vegetariano, vegano)*<\/p>\n","protected":false},"excerpt":{"rendered":"<p>Unisciti al pi\u00f9 Esclusivo Gran Gal\u00e0 di Capodanno nella citt\u00e0 di Venezia! Dalle 19:30 alle 20:30 entra in Atmosfera Magica con il Drink di benvenuto ... Dalle ore 20:30 degusta le Prelibatezze Culinarie della nostra Cena di gala accompagnato dal Pre spettacolo del nostro Maestro Pianista. Dalle 21:00 in poi il Grande spettacolo internazionale di [&hellip;]<\/p>\n","protected":false},"featured_media":1390,"template":"","meta":{"_acf_changed":false},"product_brand":[],"product_cat":[226,234,262],"product_tag":[174,120,123,166],"class_list":{"0":"post-2003","1":"product","2":"type-product","3":"status-publish","4":"has-post-thumbnail","6":"product_cat-capodanno","7":"product_cat-veneto-it","8":"product_cat-venezia-it","9":"product_tag-cenone-di-capodanno","10":"product_tag-in-evidenza-it","11":"product_tag-su-richiesta-it","12":"product_tag-venezia","14":"first","15":"instock","16":"virtual","17":"purchasable","18":"product-type-simple"},"acf":[],"_links":{"self":[{"href":"https:\/\/www.mktviaggi.com\/it\/wp-json\/wp\/v2\/product\/2003","targetHints":{"allow":["GET"]}}],"collection":[{"href":"https:\/\/www.mktviaggi.com\/it\/wp-json\/wp\/v2\/product"}],"about":[{"href":"https:\/\/www.mktviaggi.com\/it\/wp-json\/wp\/v2\/types\/product"}],"wp:featuredmedia":[{"embeddable":true,"href":"https:\/\/www.mktviaggi.com\/it\/wp-json\/wp\/v2\/media\/1390"}],"wp:attachment":[{"href":"https:\/\/www.mktviaggi.com\/it\/wp-json\/wp\/v2\/media?parent=2003"}],"wp:term":[{"taxonomy":"product_brand","embeddable":true,"href":"https:\/\/www.mktviaggi.com\/it\/wp-json\/wp\/v2\/product_brand?post=2003"},{"taxonomy":"product_cat","embeddable":true,"href":"https:\/\/www.mktviaggi.com\/it\/wp-json\/wp\/v2\/product_cat?post=2003"},{"taxonomy":"product_tag","embeddable":true,"href":"https:\/\/www.mktviaggi.com\/it\/wp-json\/wp\/v2\/product_tag?post=2003"}],"curies":[{"name":"wp","href":"https:\/\/api.w.org\/{rel}","templated":true}]}}