{"id":2001,"date":"2021-06-30T23:40:46","date_gmt":"2021-06-30T21:40:46","guid":{"rendered":"https:\/\/www.mktviaggi.com\/prodotto\/%d0%b2%d0%b5%d0%bd%d0%b5%d1%86%d0%b8%d1%8f-%d1%83%d0%b6%d0%b8%d0%bd-%d0%b2-%d0%ba%d0%b0%d1%80%d0%bd%d0%b0%d0%b2%d0%b0%d0%bb%d1%8c%d0%bd%d1%8b%d1%85-%d0%ba%d0%be%d1%81%d1%82%d1%8e%d0%bc%d0%b0%d1%85\/"},"modified":"2022-01-15T21:56:15","modified_gmt":"2022-01-15T20:56:15","slug":"cena-venezia-in-costumi-di-carnevale","status":"publish","type":"product","link":"https:\/\/www.mktviaggi.com\/it\/prodotto\/cena-venezia-in-costumi-di-carnevale\/","title":{"rendered":"Cena veneziana in costume di carnevale"},"content":{"rendered":"<p>A soli 10 minuti dalla bellissima Venezia, il ristorante teatro per la prima volta in Italia vi propone in una sala unica l'esclusiva e unica in Italia Dinner Show\/Cena con programma di animazione! L'eccellenza e l'artigianalit\u00e0 della cucina italiana unite al magnifico Grand Show Magic nella lussuosa Sala Teatro adornata da statue antiche, preziosi drappeggi e lampadari veneziani renderanno la vostra serata e il vostro viaggio a Venezia un'esperienza indimenticabile.<br \/>\nDalle ore 20.00 alle ore 21.00 siete invitati all'aperitivo Welcome Drink nella hall dove il pianista eseguir\u00e0 il repertorio classico.<br \/>\nDalle ore 21.00 siete invitati alla Cena di Gala e Spettacolo nella Sala del Teatro. Lo spettacolo internazionale Grand Show Magic dura 2,5 ore, durante la cena sarai intrattenuto da un corpo di ballo professionista, cantante, cantante, pianista professionista e acrobata. Programma in stile musicale, l'unico nel suo stile adatto ad adulti e bambini.<br \/>\nDopo il Grand Show, il programma di animazione continua con musica dal vivo e balli in compagnia di cantanti e ballerini.<br \/>\nLasciati invitare in un viaggio indimenticabile circondato da magiche decorazioni, costumi e fiori del Grand Show Magic nella favolosa Sala del Teatro!<\/p>\n<p>Il prezzo del Dinner Show comprende: + Welcome Drink + Dinner + Grand Show Magic = 100 euro a persona.<\/p>\n<p>Una serata indimenticabile al ristorante-teatro.<\/p>\n<p>Show magic \u00e8 uno spettacolo unico ed esclusivo. Cabaret, artisti internazionali e musical per rendere la vostra serata un'esperienza unica.<br \/>\nLo straordinario corpo di ballerini, artisti, musicisti e cantanti vi accompagner\u00e0 in un viaggio magico, luci e colori che vi faranno vivere l'emozione di una serata unica.<\/p>\n<p>La cucina propone men\u00f9 squisiti e sfiziosi, assaggerete le specialit\u00e0 e i sapori della tradizione veneziana (men\u00f9 a scelta - carne, pesce, vegetariano, vegano)*<\/p>\n<p>Possiamo inviarti le opzioni di menu per posta.<\/p>\n","protected":false},"excerpt":{"rendered":"<p>A soli 10 minuti dalla bellissima Venezia, il ristorante teatro per la prima volta in Italia vi propone in una sala unica l'esclusiva e unica in Italia Dinner Show\/Cena con programma di animazione! L'eccellenza e l'artigianalit\u00e0 della cucina italiana unite al magnifico Grand Show Magic nella lussuosa Sala Teatro adornata da statue antiche, preziosi drappeggi [&hellip;]<\/p>\n","protected":false},"featured_media":1457,"template":"","meta":{"_acf_changed":false},"product_brand":[],"product_cat":[222,234,262],"product_tag":[123,166],"class_list":{"0":"post-2001","1":"product","2":"type-product","3":"status-publish","4":"has-post-thumbnail","6":"product_cat-carnevale","7":"product_cat-veneto-it","8":"product_cat-venezia-it","9":"product_tag-su-richiesta-it","10":"product_tag-venezia","12":"first","13":"instock","14":"virtual","15":"purchasable","16":"product-type-simple"},"acf":[],"_links":{"self":[{"href":"https:\/\/www.mktviaggi.com\/it\/wp-json\/wp\/v2\/product\/2001","targetHints":{"allow":["GET"]}}],"collection":[{"href":"https:\/\/www.mktviaggi.com\/it\/wp-json\/wp\/v2\/product"}],"about":[{"href":"https:\/\/www.mktviaggi.com\/it\/wp-json\/wp\/v2\/types\/product"}],"wp:featuredmedia":[{"embeddable":true,"href":"https:\/\/www.mktviaggi.com\/it\/wp-json\/wp\/v2\/media\/1457"}],"wp:attachment":[{"href":"https:\/\/www.mktviaggi.com\/it\/wp-json\/wp\/v2\/media?parent=2001"}],"wp:term":[{"taxonomy":"product_brand","embeddable":true,"href":"https:\/\/www.mktviaggi.com\/it\/wp-json\/wp\/v2\/product_brand?post=2001"},{"taxonomy":"product_cat","embeddable":true,"href":"https:\/\/www.mktviaggi.com\/it\/wp-json\/wp\/v2\/product_cat?post=2001"},{"taxonomy":"product_tag","embeddable":true,"href":"https:\/\/www.mktviaggi.com\/it\/wp-json\/wp\/v2\/product_tag?post=2001"}],"curies":[{"name":"wp","href":"https:\/\/api.w.org\/{rel}","templated":true}]}}