{"id":1999,"date":"2021-07-01T00:18:42","date_gmt":"2021-06-30T22:18:42","guid":{"rendered":"https:\/\/www.mktviaggi.com\/prodotto\/%d0%b2%d0%b5%d0%bd%d0%b5%d1%86%d0%b8%d1%8f-%d1%83%d0%b6%d0%b8%d0%bd-%d1%81-%d1%80%d0%b0%d0%b7%d0%b2%d0%bb%d0%b5%d0%ba%d0%b0%d1%82%d0%b5%d0%bb%d1%8c%d0%bd%d0%be%d0%b9-%d0%bf%d1%80%d0%be%d0%b3%d1%80-2\/"},"modified":"2022-01-15T21:44:12","modified_gmt":"2022-01-15T20:44:12","slug":"cena-venezia-con-programma-di-animazione-2","status":"publish","type":"product","link":"https:\/\/www.mktviaggi.com\/it\/prodotto\/cena-venezia-con-programma-di-animazione-2\/","title":{"rendered":"Venezia, cena con programma di gruppo MICE"},"content":{"rendered":"<p>A soli 10 minuti dalla bellissima Venezia, il Ristorante Teatro ti propone la prima Cena Spettacolo in Italia nella bellissima Sala del Teatro!<br \/>\nI locali della Sala Teatro sono di pregevole design, ideale per ospitare meeting internazionali, eventi aziendali, simposi, feste ed eventi privati, matrimoni, cene di gala per singoli e gruppi turistici.<br \/>\nUn importante complemento sar\u00e0 l'innovativo format Dinner Show con intrattenimento dove i sapori della tradizione e la cucina gourmet italiana si uniscono al teatro retsoran con uno Show unico e unico.<br \/>\nVi invitiamo a un viaggio indimenticabile circondati da magiche decorazioni, costumi e fiori, accompagnati dal Grand Show Magic!<\/p>\n<p><strong>Servizi per il tuo evento<\/strong><\/p>\n<p>La Sala del Teatro ha 260 posti a sedere<br \/>\nPersonalizzazione della sala e calendario degli eventi<br \/>\nSistema audio con un set di 10 microfoni<br \/>\nHD - Sistema video con Proiettore e Schermo 6 X3 metri<br \/>\nSistema di consacrazione<br \/>\nPalco misura 7 X 4 metri<br \/>\nPersonale per la direzione tecnica<br \/>\nServizi di fotografo professionista<br \/>\nServizi guardaroba<br \/>\nParcheggio gratuito per autobus<br \/>\nServizi noleggio costumi di carnevale<br \/>\nAperitivo di benvenuto, torta con logo aziendale, ecc.<\/p>\n<p>Il prezzo del noleggio \u00e8 trattabile a seconda delle esigenze del cliente.<\/p>\n<p>&nbsp;<\/p>\n<p>L'eccellenza e l'artigianalit\u00e0 della cucina italiana unite al magnifico Grand Show Magic nella lussuosa Sala Teatro adornata da statue antiche, preziosi drappeggi e lampadari veneziani renderanno la vostra serata e il vostro viaggio a Venezia un'esperienza indimenticabile.<\/p>\n<p>Durante la cena sarete intrattenuti da un corpo di ballo professionista, cantante, cantante, pianista professionista e acrobata. Programma in stile musicale, l'unico nel suo stile adatto ad adulti e bambini.<br \/>\nDopo il Grand Show, il programma di animazione continua con musica dal vivo e balli in compagnia di cantanti e ballerini.<\/p>\n<p>Show magic \u00e8 uno spettacolo unico ed esclusivo. Cabaret, artisti internazionali e musical per rendere la vostra serata un'esperienza unica.<br \/>\nLo straordinario corpo di ballerini, artisti, musicisti e cantanti vi accompagner\u00e0 in un viaggio magico, luci e colori che vi faranno vivere l'emozione di una serata unica.<\/p>\n<p>La cucina propone men\u00f9 squisiti e sfiziosi, assaggerete le specialit\u00e0 e i sapori della tradizione veneziana (men\u00f9 a scelta - carne, pesce, vegetariano, vegano)*<\/p>\n<p>Invieremo le opzioni del menu via e-mail.<\/p>\n","protected":false},"excerpt":{"rendered":"<p>A soli 10 minuti dalla bellissima Venezia, il Ristorante Teatro ti propone la prima Cena Spettacolo in Italia nella bellissima Sala del Teatro! I locali della Sala Teatro sono di pregevole design, ideale per ospitare meeting internazionali, eventi aziendali, simposi, feste ed eventi privati, matrimoni, cene di gala per singoli e gruppi turistici. Un importante [&hellip;]<\/p>\n","protected":false},"featured_media":1514,"template":"","meta":{"_acf_changed":false},"product_brand":[],"product_cat":[200,198,216,234,262],"product_tag":[126,123,180,166],"class_list":{"0":"post-1999","1":"product","2":"type-product","3":"status-publish","4":"has-post-thumbnail","6":"product_cat-esperienze-it","7":"product_cat-mice-it","8":"product_cat-team-building-it","9":"product_cat-veneto-it","10":"product_cat-venezia-it","11":"product_tag-mice-it","12":"product_tag-su-richiesta-it","13":"product_tag-teatro-ristorante","14":"product_tag-venezia","16":"first","17":"instock","18":"virtual","19":"product-type-simple"},"acf":[],"_links":{"self":[{"href":"https:\/\/www.mktviaggi.com\/it\/wp-json\/wp\/v2\/product\/1999","targetHints":{"allow":["GET"]}}],"collection":[{"href":"https:\/\/www.mktviaggi.com\/it\/wp-json\/wp\/v2\/product"}],"about":[{"href":"https:\/\/www.mktviaggi.com\/it\/wp-json\/wp\/v2\/types\/product"}],"wp:featuredmedia":[{"embeddable":true,"href":"https:\/\/www.mktviaggi.com\/it\/wp-json\/wp\/v2\/media\/1514"}],"wp:attachment":[{"href":"https:\/\/www.mktviaggi.com\/it\/wp-json\/wp\/v2\/media?parent=1999"}],"wp:term":[{"taxonomy":"product_brand","embeddable":true,"href":"https:\/\/www.mktviaggi.com\/it\/wp-json\/wp\/v2\/product_brand?post=1999"},{"taxonomy":"product_cat","embeddable":true,"href":"https:\/\/www.mktviaggi.com\/it\/wp-json\/wp\/v2\/product_cat?post=1999"},{"taxonomy":"product_tag","embeddable":true,"href":"https:\/\/www.mktviaggi.com\/it\/wp-json\/wp\/v2\/product_tag?post=1999"}],"curies":[{"name":"wp","href":"https:\/\/api.w.org\/{rel}","templated":true}]}}